{"id":1600,"date":"2026-01-21T20:37:20","date_gmt":"2026-01-21T20:37:20","guid":{"rendered":"https:\/\/www.itemat.net\/datenschutzrichtlinie\/"},"modified":"2026-01-21T20:37:25","modified_gmt":"2026-01-21T20:37:25","slug":"datenschutzrichtlinie","status":"publish","type":"page","link":"https:\/\/www.itemat.net\/de\/datenschutzrichtlinie\/","title":{"rendered":"Datenschutzrichtlinie"},"content":{"rendered":"<p>[et_pb_section transparent_background=&#8220;off&#8220; background_color=&#8220;#e2e2e2&#8243; allow_player_pause=&#8220;off&#8220; inner_shadow=&#8220;off&#8220; parallax=&#8220;off&#8220; parallax_method=&#8220;on&#8220; custom_padding=&#8220;0px|0px|0px|0px&#8220; make_fullwidth=&#8220;off&#8220; use_custom_width=&#8220;off&#8220; width_unit=&#8220;off&#8220; custom_width_px=&#8220;1080px&#8220; custom_width_percent=&#8220;80%&#8220; make_equal=&#8220;off&#8220; use_custom_gutter=&#8220;off&#8220; fullwidth=&#8220;off&#8220; specialty=&#8220;off&#8220; global_module=&#8220;138&#8243;][et_pb_row make_fullwidth=&#8220;off&#8220; use_custom_width=&#8220;off&#8220; width_unit=&#8220;off&#8220; custom_width_px=&#8220;1080px&#8220; custom_width_percent=&#8220;80%&#8220; use_custom_gutter=&#8220;off&#8220; gutter_width=&#8220;3&#8243; custom_padding=&#8220;22.1875px|0px|17px|0px&#8220; allow_player_pause=&#8220;off&#8220; parallax=&#8220;off&#8220; parallax_method=&#8220;on&#8220; make_equal=&#8220;off&#8220; parallax_1=&#8220;off&#8220; parallax_method_1=&#8220;on&#8220; parallax_2=&#8220;off&#8220; parallax_method_2=&#8220;on&#8220; parallax_3=&#8220;off&#8220; parallax_method_3=&#8220;on&#8220; parallax_4=&#8220;off&#8220; parallax_method_4=&#8220;on&#8220;][et_pb_column type=&#8220;4_4&#8243; parallax=&#8220;off&#8220; parallax_method=&#8220;on&#8220;][et_pb_post_title title=&#8220;on&#8220; meta=&#8220;off&#8220; author=&#8220;on&#8220; date=&#8220;on&#8220; date_format=&#8220;M j, Y&#8220; categories=&#8220;on&#8220; comments=&#8220;on&#8220; featured_image=&#8220;off&#8220; featured_placement=&#8220;below&#8220; parallax_effect=&#8220;off&#8220; parallax_method=&#8220;on&#8220; text_orientation=&#8220;left&#8220; text_color=&#8220;dark&#8220; text_background=&#8220;off&#8220; text_bg_color=&#8220;rgba(140,140,140,0.9)&#8220;][\/et_pb_post_title][\/et_pb_column][\/et_pb_row][\/et_pb_section][et_pb_section transparent_background=&#8220;off&#8220; allow_player_pause=&#8220;off&#8220; inner_shadow=&#8220;off&#8220; parallax=&#8220;off&#8220; parallax_method=&#8220;on&#8220; make_fullwidth=&#8220;off&#8220; use_custom_width=&#8220;off&#8220; width_unit=&#8220;off&#8220; custom_width_px=&#8220;1080px&#8220; custom_width_percent=&#8220;80%&#8220; make_equal=&#8220;off&#8220; use_custom_gutter=&#8220;off&#8220; fullwidth=&#8220;off&#8220; specialty=&#8220;off&#8220; admin_label=&#8220;section&#8220; disabled=&#8220;off&#8220;][et_pb_row make_fullwidth=&#8220;off&#8220; use_custom_width=&#8220;off&#8220; width_unit=&#8220;off&#8220; custom_width_px=&#8220;1080px&#8220; custom_width_percent=&#8220;80%&#8220; use_custom_gutter=&#8220;off&#8220; gutter_width=&#8220;3&#8243; allow_player_pause=&#8220;off&#8220; parallax=&#8220;off&#8220; parallax_method=&#8220;on&#8220; make_equal=&#8220;off&#8220; parallax_1=&#8220;off&#8220; parallax_method_1=&#8220;on&#8220; parallax_2=&#8220;off&#8220; parallax_method_2=&#8220;on&#8220; parallax_3=&#8220;off&#8220; parallax_method_3=&#8220;on&#8220; parallax_4=&#8220;off&#8220; parallax_method_4=&#8220;on&#8220; admin_label=&#8220;row&#8220; disabled=&#8220;off&#8220;][et_pb_column type=&#8220;4_4&#8243; disabled=&#8220;off&#8220; parallax=&#8220;off&#8220; parallax_method=&#8220;on&#8220;][et_pb_text background_layout=&#8220;light&#8220; text_orientation=&#8220;left&#8220; admin_label=&#8220;Texto&#8220; use_border_color=&#8220;off&#8220; border_style=&#8220;solid&#8220; disabled=&#8220;off&#8220;]<\/p>\n<h1>Datenschutzrichtlinie<\/h1>\n<p>Gem\u00e4\u00df Artikel 10 des Gesetzes 34\/2002 vom 11. Juli \u00fcber Dienste der Informationsgesellschaft und des elektronischen Gesch\u00e4ftsverkehrs werden die Identifikationsdaten des Unternehmens nachfolgend aufgef\u00fchrt.<\/p>\n<blockquote><p>ITEMAT MECANIZACI\u00d3N SL<br \/>\nB-74169400<br \/>\nPOLIGONO OLLONIEGO PARCELA A-18<br \/>\n33600 OVIEDO (ASTURIAS)<br \/>\nTlf. 985 45 14 72<\/p><\/blockquote>\n<h1>Schutz personenbezogener Daten<\/h1>\n<p>In \u00dcbereinstimmung mit geltendem Recht, insbesondere dem spanischen Datenschutzgesetz (Ley Org\u00e1nica 15\/1999 vom 13. Dezember zum Schutz personenbezogener Daten \u2013 LOPD), das die Grundrechte und -freiheiten nat\u00fcrlicher Personen, insbesondere deren Ehre und Privatsph\u00e4re, bei der Verarbeitung personenbezogener Daten gew\u00e4hrleisten und sch\u00fctzen soll, informiert ITEMAT MECANIZACI\u00d3N SL die Nutzer dar\u00fcber, dass ITEMAT MECANIZACI\u00d3N SL die nach geltendem Recht erforderlichen technischen und organisatorischen Ma\u00dfnahmen getroffen hat.<\/p>\n<p>Die \u00fcber die Formulare auf der Website von ITEMAT MECANIZACI\u00d3N SL erhobenen personenbezogenen Daten werden automatisiert verarbeitet. Die Erhebung und automatisierte Verarbeitung personenbezogener Daten dient der Bereitstellung von Informationen, Marketingma\u00dfnahmen (die stets klar als solche gekennzeichnet sind) und anderen unternehmensspezifischen Aktivit\u00e4ten. ITEMAT MECANIZACI\u00d3N SL hat angemessene Sicherheitsvorkehrungen f\u00fcr die bereitgestellten Daten getroffen und alle verf\u00fcgbaren technischen Mittel und Ma\u00dfnahmen implementiert, um Verlust, Missbrauch, Ver\u00e4nderung, unbefugten Zugriff und Diebstahl der uns \u00fcbermittelten Daten zu verhindern. Nutzer k\u00f6nnen jederzeit ihre Rechte auf Auskunft, Berichtigung, L\u00f6schung und Widerspruch gem\u00e4\u00df dem spanischen Datenschutzgesetz (LOPD) (Gesetz \u00fcber Dienste der Informationsgesellschaft und des elektronischen Gesch\u00e4ftsverkehrs) aus\u00fcben.<\/p>\n<p>In \u00dcbereinstimmung mit der geltenden Gesetzgebung, insbesondere dem Gesetz 34\/2002 vom 11. Juli \u00fcber Dienste der Informationsgesellschaft und des elektronischen Gesch\u00e4ftsverkehrs (LSSI), insbesondere Titel 3: Kommerzielle Kommunikation auf elektronischem Wege, Artikel 21 und 22, informiert ITEMAT MECANIZACI\u00d3N SL die Nutzer dar\u00fcber, dass ITEMAT MECANIZACI\u00d3N SL die erforderlichen technischen und organisatorischen Ma\u00dfnahmen gem\u00e4\u00df den geltenden Bestimmungen getroffen hat und ein System f\u00fcr die kommerzielle Kommunikation mit seinen Nutzern entwickelt hat. Dieses System wird nur auf ausdr\u00fccklichen Wunsch der Nutzer aktiviert, und die Nutzer k\u00f6nnen diese Einwilligung jederzeit widerrufen. Informationsgesellschaftsgesetz und Gesetz \u00fcber elektronische Gesch\u00e4ftsverkehrsdienste (LSSI) In \u00dcbereinstimmung mit der geltenden Gesetzgebung, Gesetz 34\/2002 vom 11. Juli \u00fcber Informationsgesellschaftsdienste und elektronischen Gesch\u00e4ftsverkehr (LSSI), insbesondere Titel 3: Kommerzielle Kommunikation auf elektronischem Wege, Artikel 21 und 22, informiert ITEMAT MECANIZACI\u00d3N SL die Nutzer dar\u00fcber, dass ITEMAT MECANIZACI\u00d3N SL die technischen und organisatorischen Ma\u00dfnahmen gem\u00e4\u00df den Bestimmungen der geltenden Vorschriften ergriffen hat und ein System f\u00fcr die kommerzielle Kommunikation mit seinen Nutzern entwickelt, das nur auf deren ausdr\u00fccklichen Wunsch aktiviert wird und von den Nutzern jederzeit widerrufen werden kann.[\/et_pb_text][\/et_pb_column][\/et_pb_row][\/et_pb_section][et_pb_section transparent_background=&#8220;off&#8220; background_color=&#8220;#565656&#8243; allow_player_pause=&#8220;off&#8220; inner_shadow=&#8220;off&#8220; parallax=&#8220;off&#8220; parallax_method=&#8220;on&#8220; make_fullwidth=&#8220;off&#8220; use_custom_width=&#8220;off&#8220; width_unit=&#8220;off&#8220; custom_width_px=&#8220;1080px&#8220; custom_width_percent=&#8220;80%&#8220; make_equal=&#8220;off&#8220; use_custom_gutter=&#8220;off&#8220; fullwidth=&#8220;off&#8220; specialty=&#8220;off&#8220; global_module=&#8220;137&#8243;][et_pb_row make_fullwidth=&#8220;off&#8220; use_custom_width=&#8220;off&#8220; width_unit=&#8220;off&#8220; custom_width_px=&#8220;1080px&#8220; custom_width_percent=&#8220;80%&#8220; use_custom_gutter=&#8220;off&#8220; gutter_width=&#8220;3&#8243; allow_player_pause=&#8220;off&#8220; parallax=&#8220;off&#8220; parallax_method=&#8220;on&#8220; make_equal=&#8220;off&#8220; parallax_1=&#8220;off&#8220; parallax_method_1=&#8220;on&#8220; parallax_2=&#8220;off&#8220; parallax_method_2=&#8220;on&#8220; parallax_3=&#8220;off&#8220; parallax_method_3=&#8220;on&#8220; parallax_4=&#8220;off&#8220; parallax_method_4=&#8220;on&#8220;][et_pb_column type=&#8220;1_3&#8243; parallax=&#8220;off&#8220; parallax_method=&#8220;on&#8220;][et_pb_image src=&#8220;http:\/\/www.itemat.net\/wp-content\/uploads\/2017\/02\/logo_itemat_footer.png&#8220; show_in_lightbox=&#8220;off&#8220; url_new_window=&#8220;off&#8220; use_overlay=&#8220;off&#8220; animation=&#8220;left&#8220; sticky=&#8220;off&#8220; align=&#8220;left&#8220; force_fullwidth=&#8220;off&#8220; always_center_on_mobile=&#8220;on&#8220;][\/et_pb_image][\/et_pb_column][et_pb_column type=&#8220;1_3&#8243; parallax=&#8220;off&#8220; parallax_method=&#8220;on&#8220;][et_pb_text background_layout=&#8220;light&#8220; text_orientation=&#8220;left&#8220;]<\/p>\n<div class=\"promo-text-footer\">Information<\/div>\n<ul class=\"contact-footer\">\n<li><i class=\"icon-location\"><\/i> Pol\u00edgono de Olloniego, Parcela A 18 \u2022 33660 &#8211; Oviedo \u2022 Asturias \u2022 SPANIEN<\/li>\n<li><i class=\"icon-mobile\"><\/i> (+34) 985 45 14 72<\/li>\n<li><i class=\"icon-inbox\"><\/i> (+34) 985 45 64 84<\/li>\n<li>E-mail: <a href=\"mailto:itemat@itemat.net\">itemat@itemat.net<\/a><\/li>\n<\/ul>\n<p>[\/et_pb_text][\/et_pb_column][et_pb_column type=&#8220;1_3&#8243; parallax=&#8220;off&#8220; parallax_method=&#8220;on&#8220;][\/et_pb_column][\/et_pb_row][\/et_pb_section]<\/p>\n","protected":false},"excerpt":{"rendered":"<p>Datenschutzrichtlinie Gem\u00e4\u00df Artikel 10 des Gesetzes 34\/2002 vom 11. Juli \u00fcber Dienste der Informationsgesellschaft und des elektronischen Gesch\u00e4ftsverkehrs werden die Identifikationsdaten des Unternehmens nachfolgend aufgef\u00fchrt. ITEMAT MECANIZACI\u00d3N SL B-74169400 POLIGONO OLLONIEGO PARCELA A-18 33600 OVIEDO (ASTURIAS) Tlf. 985 45 14 72 Schutz personenbezogener Daten In \u00dcbereinstimmung mit geltendem Recht, insbesondere dem spanischen Datenschutzgesetz (Ley Org\u00e1nica [&hellip;]<\/p>\n","protected":false},"author":1,"featured_media":0,"parent":0,"menu_order":10,"comment_status":"closed","ping_status":"closed","template":"","meta":{"_et_pb_use_builder":"on","_et_pb_old_content":"Gem\u00e4\u00df Artikel 10 des Gesetzes 34\/2002 vom 11. Juli \u00fcber Dienste der Informationsgesellschaft und des elektronischen Gesch\u00e4ftsverkehrs werden die Identifikationsdaten des Unternehmens nachfolgend aufgef\u00fchrt.\r\n<blockquote>ITEMAT MECANIZACI\u00d3N SL\r\nB-74169400\r\nPOLIGONO OLLONIEGO PARCELA A-18\r\n33600 OVIEDO (ASTURIAS)\r\nTlf. 985 45 14 72<\/blockquote>\r\n<h1>Schutz personenbezogener Daten<\/h1>\r\nIn \u00dcbereinstimmung mit geltendem Recht, insbesondere dem spanischen Datenschutzgesetz (Ley Org\u00e1nica 15\/1999 vom 13. Dezember zum Schutz personenbezogener Daten \u2013 LOPD), das die Grundrechte und -freiheiten nat\u00fcrlicher Personen, insbesondere deren Ehre und Privatsph\u00e4re, bei der Verarbeitung personenbezogener Daten gew\u00e4hrleisten und sch\u00fctzen soll, informiert ITEMAT MECANIZACI\u00d3N SL die Nutzer dar\u00fcber, dass ITEMAT MECANIZACI\u00d3N SL die nach geltendem Recht erforderlichen technischen und organisatorischen Ma\u00dfnahmen getroffen hat.\r\n\r\nDie \u00fcber die Formulare auf der Website von ITEMAT MECANIZACI\u00d3N SL erhobenen personenbezogenen Daten werden automatisiert verarbeitet. Die Erhebung und automatisierte Verarbeitung personenbezogener Daten dient der Bereitstellung von Informationen, Marketingma\u00dfnahmen (die stets klar als solche gekennzeichnet sind) und anderen unternehmensspezifischen Aktivit\u00e4ten. ITEMAT MECANIZACI\u00d3N SL hat angemessene Sicherheitsvorkehrungen f\u00fcr die bereitgestellten Daten getroffen und alle verf\u00fcgbaren technischen Mittel und Ma\u00dfnahmen implementiert, um Verlust, Missbrauch, Ver\u00e4nderung, unbefugten Zugriff und Diebstahl der uns \u00fcbermittelten Daten zu verhindern. Nutzer k\u00f6nnen jederzeit ihre Rechte auf Auskunft, Berichtigung, L\u00f6schung und Widerspruch gem\u00e4\u00df dem spanischen Datenschutzgesetz (LOPD) (Gesetz \u00fcber Dienste der Informationsgesellschaft und des elektronischen Gesch\u00e4ftsverkehrs) aus\u00fcben.\r\n\r\nIn \u00dcbereinstimmung mit der geltenden Gesetzgebung, insbesondere dem Gesetz 34\/2002 vom 11. Juli \u00fcber Dienste der Informationsgesellschaft und des elektronischen Gesch\u00e4ftsverkehrs (LSSI), insbesondere Titel 3: Kommerzielle Kommunikation auf elektronischem Wege, Artikel 21 und 22, informiert ITEMAT MECANIZACI\u00d3N SL die Nutzer dar\u00fcber, dass ITEMAT MECANIZACI\u00d3N SL die erforderlichen technischen und organisatorischen Ma\u00dfnahmen gem\u00e4\u00df den geltenden Bestimmungen getroffen hat und ein System f\u00fcr die kommerzielle Kommunikation mit seinen Nutzern entwickelt hat. Dieses System wird nur auf ausdr\u00fccklichen Wunsch der Nutzer aktiviert, und die Nutzer k\u00f6nnen diese Einwilligung jederzeit widerrufen. Informationsgesellschaftsgesetz und Gesetz \u00fcber elektronische Gesch\u00e4ftsverkehrsdienste (LSSI) In \u00dcbereinstimmung mit der geltenden Gesetzgebung, Gesetz 34\/2002 vom 11. Juli \u00fcber Informationsgesellschaftsdienste und elektronischen Gesch\u00e4ftsverkehr (LSSI), insbesondere Titel 3: Kommerzielle Kommunikation auf elektronischem Wege, Artikel 21 und 22, informiert ITEMAT MECANIZACI\u00d3N SL die Nutzer dar\u00fcber, dass ITEMAT MECANIZACI\u00d3N SL die technischen und organisatorischen Ma\u00dfnahmen gem\u00e4\u00df den Bestimmungen der geltenden Vorschriften ergriffen hat und ein System f\u00fcr die kommerzielle Kommunikation mit seinen Nutzern entwickelt, das nur auf deren ausdr\u00fccklichen Wunsch aktiviert wird und von den Nutzern jederzeit widerrufen werden kann.","_et_gb_content_width":"","footnotes":""},"class_list":["post-1600","page","type-page","status-publish","hentry"],"_links":{"self":[{"href":"https:\/\/www.itemat.net\/de\/wp-json\/wp\/v2\/pages\/1600","targetHints":{"allow":["GET"]}}],"collection":[{"href":"https:\/\/www.itemat.net\/de\/wp-json\/wp\/v2\/pages"}],"about":[{"href":"https:\/\/www.itemat.net\/de\/wp-json\/wp\/v2\/types\/page"}],"author":[{"embeddable":true,"href":"https:\/\/www.itemat.net\/de\/wp-json\/wp\/v2\/users\/1"}],"replies":[{"embeddable":true,"href":"https:\/\/www.itemat.net\/de\/wp-json\/wp\/v2\/comments?post=1600"}],"version-history":[{"count":4,"href":"https:\/\/www.itemat.net\/de\/wp-json\/wp\/v2\/pages\/1600\/revisions"}],"predecessor-version":[{"id":1604,"href":"https:\/\/www.itemat.net\/de\/wp-json\/wp\/v2\/pages\/1600\/revisions\/1604"}],"wp:attachment":[{"href":"https:\/\/www.itemat.net\/de\/wp-json\/wp\/v2\/media?parent=1600"}],"curies":[{"name":"wp","href":"https:\/\/api.w.org\/{rel}","templated":true}]}}