{"id":824,"date":"2017-04-21T09:24:57","date_gmt":"2017-04-21T09:24:57","guid":{"rendered":"http:\/\/itemat.net\/warmebehandlungen\/"},"modified":"2017-04-21T09:24:58","modified_gmt":"2017-04-21T09:24:58","slug":"warmebehandlungen","status":"publish","type":"page","link":"https:\/\/www.itemat.net\/de\/warmebehandlungen\/","title":{"rendered":"W\u00e4rmebehandlungen"},"content":{"rendered":"<p>[et_pb_section transparent_background=&#8220;off&#8220; background_color=&#8220;#e68a00&#8243; allow_player_pause=&#8220;off&#8220; inner_shadow=&#8220;off&#8220; parallax=&#8220;off&#8220; parallax_method=&#8220;on&#8220; custom_padding=&#8220;0px|0px|0px|0px&#8220; make_fullwidth=&#8220;off&#8220; use_custom_width=&#8220;off&#8220; width_unit=&#8220;off&#8220; custom_width_px=&#8220;1080px&#8220; custom_width_percent=&#8220;80%&#8220; make_equal=&#8220;off&#8220; use_custom_gutter=&#8220;off&#8220; fullwidth=&#8220;off&#8220; specialty=&#8220;off&#8220; disabled=&#8220;off&#8220; global_module=&#8220;138&#8243;][et_pb_row make_fullwidth=&#8220;off&#8220; use_custom_width=&#8220;off&#8220; width_unit=&#8220;off&#8220; custom_width_px=&#8220;1080px&#8220; custom_width_percent=&#8220;80%&#8220; use_custom_gutter=&#8220;off&#8220; gutter_width=&#8220;3&#8243; custom_padding=&#8220;22.1875px|0px|17px|0px&#8220; allow_player_pause=&#8220;off&#8220; parallax=&#8220;off&#8220; parallax_method=&#8220;on&#8220; make_equal=&#8220;off&#8220; parallax_1=&#8220;off&#8220; parallax_method_1=&#8220;on&#8220; parallax_2=&#8220;off&#8220; parallax_method_2=&#8220;on&#8220; parallax_3=&#8220;off&#8220; parallax_method_3=&#8220;on&#8220; parallax_4=&#8220;off&#8220; parallax_method_4=&#8220;on&#8220; disabled=&#8220;off&#8220;][et_pb_column type=&#8220;4_4&#8243; disabled=&#8220;off&#8220; parallax=&#8220;off&#8220; parallax_method=&#8220;on&#8220;][et_pb_post_title title=&#8220;on&#8220; meta=&#8220;off&#8220; author=&#8220;on&#8220; date=&#8220;on&#8220; date_format=&#8220;M j, Y&#8220; categories=&#8220;on&#8220; comments=&#8220;on&#8220; featured_image=&#8220;off&#8220; featured_placement=&#8220;below&#8220; parallax_effect=&#8220;off&#8220; parallax_method=&#8220;on&#8220; text_orientation=&#8220;left&#8220; text_color=&#8220;light&#8220; text_background=&#8220;off&#8220; text_bg_color=&#8220;rgba(140,140,140,0.9)&#8220; use_border_color=&#8220;off&#8220; border_color=&#8220;#ffffff&#8220; border_width=&#8220;1px&#8220; border_style=&#8220;solid&#8220; disabled=&#8220;off&#8220;][\/et_pb_post_title][\/et_pb_column][\/et_pb_row][\/et_pb_section][et_pb_section transparent_background=&#8220;off&#8220; allow_player_pause=&#8220;off&#8220; inner_shadow=&#8220;off&#8220; parallax=&#8220;off&#8220; parallax_method=&#8220;on&#8220; make_fullwidth=&#8220;off&#8220; use_custom_width=&#8220;off&#8220; width_unit=&#8220;off&#8220; custom_width_px=&#8220;1080px&#8220; custom_width_percent=&#8220;80%&#8220; make_equal=&#8220;off&#8220; use_custom_gutter=&#8220;off&#8220; fullwidth=&#8220;off&#8220; specialty=&#8220;off&#8220; admin_label=&#8220;section&#8220; disabled=&#8220;off&#8220;][et_pb_row make_fullwidth=&#8220;off&#8220; use_custom_width=&#8220;off&#8220; width_unit=&#8220;off&#8220; custom_width_px=&#8220;1080px&#8220; custom_width_percent=&#8220;80%&#8220; use_custom_gutter=&#8220;off&#8220; gutter_width=&#8220;3&#8243; allow_player_pause=&#8220;off&#8220; parallax=&#8220;off&#8220; parallax_method=&#8220;on&#8220; make_equal=&#8220;off&#8220; parallax_1=&#8220;off&#8220; parallax_method_1=&#8220;on&#8220; parallax_2=&#8220;off&#8220; parallax_method_2=&#8220;on&#8220; parallax_3=&#8220;off&#8220; parallax_method_3=&#8220;on&#8220; parallax_4=&#8220;off&#8220; parallax_method_4=&#8220;on&#8220; disabled=&#8220;off&#8220;][et_pb_column type=&#8220;4_4&#8243; disabled=&#8220;off&#8220; parallax=&#8220;off&#8220; parallax_method=&#8220;on&#8220;][et_pb_text background_layout=&#8220;light&#8220; text_orientation=&#8220;left&#8220; use_border_color=&#8220;off&#8220; border_style=&#8220;solid&#8220; disabled=&#8220;off&#8220;]<\/p>\n<div class=\"col-lg-6 col-md-6 col-sm-12\">\n<div class=\"marg50\">\n<div id=\"carousel-example-generic\" class=\"carousel slide\" data-ride=\"carousel\">\n<div class=\"carousel-inner\">\n<blockquote>\n<h1 class=\"item active\"><strong><span class=\"first-letter\">I<\/span>TEMAT<\/strong> verf\u00fcgt \u00fcber eine H\u00e4rterei im eigenen Haus, wo folgende W\u00e4rmebehandlungen durchgef\u00fchrt werden:<\/h1>\n<\/blockquote>\n<\/div>\n<\/div>\n<\/div>\n<\/div>\n<p>[\/et_pb_text][\/et_pb_column][\/et_pb_row][et_pb_row make_fullwidth=&#8220;off&#8220; use_custom_width=&#8220;off&#8220; width_unit=&#8220;off&#8220; custom_width_px=&#8220;1080px&#8220; custom_width_percent=&#8220;80%&#8220; use_custom_gutter=&#8220;off&#8220; gutter_width=&#8220;3&#8243; allow_player_pause=&#8220;off&#8220; parallax=&#8220;off&#8220; parallax_method=&#8220;on&#8220; make_equal=&#8220;off&#8220; parallax_1=&#8220;off&#8220; parallax_method_1=&#8220;on&#8220; parallax_2=&#8220;off&#8220; parallax_method_2=&#8220;on&#8220; parallax_3=&#8220;off&#8220; parallax_method_3=&#8220;on&#8220; parallax_4=&#8220;off&#8220; parallax_method_4=&#8220;on&#8220; admin_label=&#8220;row&#8220; disabled=&#8220;off&#8220;][et_pb_column type=&#8220;1_3&#8243; disabled=&#8220;off&#8220; parallax=&#8220;off&#8220; parallax_method=&#8220;on&#8220;][et_pb_blurb title=&#8220;Nitrocarburieren&#8220; url_new_window=&#8220;off&#8220; use_icon=&#8220;on&#8220; font_icon=&#8220;N&#8220; icon_color=&#8220;#e68a00&#8243; use_circle=&#8220;off&#8220; circle_color=&#8220;#e68a00&#8243; use_circle_border=&#8220;off&#8220; circle_border_color=&#8220;#e68a00&#8243; icon_placement=&#8220;left&#8220; animation=&#8220;top&#8220; background_layout=&#8220;light&#8220; text_orientation=&#8220;center&#8220; use_icon_font_size=&#8220;on&#8220; icon_font_size=&#8220;18px&#8220; use_border_color=&#8220;off&#8220; border_color=&#8220;#ffffff&#8220; border_width=&#8220;1px&#8220; border_style=&#8220;solid&#8220; disabled=&#8220;off&#8220;][\/et_pb_blurb][et_pb_blurb title=&#8220;Nitrieren&#8220; url_new_window=&#8220;off&#8220; use_icon=&#8220;on&#8220; font_icon=&#8220;N&#8220; icon_color=&#8220;#e68a00&#8243; use_circle=&#8220;off&#8220; circle_color=&#8220;#e68a00&#8243; use_circle_border=&#8220;off&#8220; circle_border_color=&#8220;#e68a00&#8243; icon_placement=&#8220;left&#8220; animation=&#8220;top&#8220; background_layout=&#8220;light&#8220; text_orientation=&#8220;center&#8220; use_icon_font_size=&#8220;on&#8220; icon_font_size=&#8220;18px&#8220; use_border_color=&#8220;off&#8220; border_color=&#8220;#ffffff&#8220; border_width=&#8220;1px&#8220; border_style=&#8220;solid&#8220; disabled=&#8220;off&#8220;][\/et_pb_blurb][et_pb_blurb title=&#8220;Spannungsarmgl\u00fchen&#8220; url_new_window=&#8220;off&#8220; use_icon=&#8220;on&#8220; font_icon=&#8220;N&#8220; icon_color=&#8220;#e68a00&#8243; use_circle=&#8220;off&#8220; circle_color=&#8220;#e68a00&#8243; use_circle_border=&#8220;off&#8220; circle_border_color=&#8220;#e68a00&#8243; icon_placement=&#8220;left&#8220; animation=&#8220;top&#8220; background_layout=&#8220;light&#8220; text_orientation=&#8220;center&#8220; use_icon_font_size=&#8220;on&#8220; icon_font_size=&#8220;18px&#8220; use_border_color=&#8220;off&#8220; border_color=&#8220;#ffffff&#8220; border_width=&#8220;1px&#8220; border_style=&#8220;solid&#8220; disabled=&#8220;off&#8220;][\/et_pb_blurb][et_pb_blurb title=&#8220;Tempering&#8220; url_new_window=&#8220;off&#8220; use_icon=&#8220;on&#8220; font_icon=&#8220;N&#8220; icon_color=&#8220;#e68a00&#8243; use_circle=&#8220;off&#8220; circle_color=&#8220;#e68a00&#8243; use_circle_border=&#8220;off&#8220; circle_border_color=&#8220;#e68a00&#8243; icon_placement=&#8220;left&#8220; animation=&#8220;top&#8220; background_layout=&#8220;light&#8220; text_orientation=&#8220;center&#8220; use_icon_font_size=&#8220;on&#8220; icon_font_size=&#8220;18px&#8220; use_border_color=&#8220;off&#8220; border_color=&#8220;#ffffff&#8220; border_width=&#8220;1px&#8220; border_style=&#8220;solid&#8220; disabled=&#8220;off&#8220;][\/et_pb_blurb][et_pb_blurb title=&#8220;Induktionsh\u00e4rten&#8220; url_new_window=&#8220;off&#8220; use_icon=&#8220;on&#8220; font_icon=&#8220;N&#8220; icon_color=&#8220;#e68a00&#8243; use_circle=&#8220;off&#8220; circle_color=&#8220;#e68a00&#8243; use_circle_border=&#8220;off&#8220; circle_border_color=&#8220;#e68a00&#8243; icon_placement=&#8220;left&#8220; animation=&#8220;top&#8220; background_layout=&#8220;light&#8220; text_orientation=&#8220;center&#8220; use_icon_font_size=&#8220;on&#8220; icon_font_size=&#8220;18px&#8220; use_border_color=&#8220;off&#8220; border_color=&#8220;#ffffff&#8220; border_width=&#8220;1px&#8220; border_style=&#8220;solid&#8220; disabled=&#8220;off&#8220;][\/et_pb_blurb][et_pb_text background_layout=&#8220;light&#8220; text_orientation=&#8220;left&#8220; admin_label=&#8220;Text&#8220; use_border_color=&#8220;off&#8220; border_style=&#8220;solid&#8220; disabled=&#8220;off&#8220;]<\/p>\n<p>\t\t\t\t[\/et_pb_text][\/et_pb_column][et_pb_column type=&#8220;2_3&#8243; disabled=&#8220;off&#8220; parallax=&#8220;off&#8220; parallax_method=&#8220;on&#8220;][et_pb_gallery gallery_ids=&#8220;303,304,302,412&#8243; fullwidth=&#8220;on&#8220; posts_number=&#8220;4&#8243; orientation=&#8220;landscape&#8220; show_title_and_caption=&#8220;off&#8220; show_pagination=&#8220;off&#8220; background_layout=&#8220;light&#8220; auto=&#8220;on&#8220; auto_speed=&#8220;3500&#8243; use_border_color=&#8220;off&#8220; border_color=&#8220;#ffffff&#8220; border_width=&#8220;1px&#8220; border_style=&#8220;solid&#8220; disabled=&#8220;off&#8220;][\/et_pb_gallery][\/et_pb_column][\/et_pb_row][\/et_pb_section][et_pb_section transparent_background=&#8220;off&#8220; background_color=&#8220;#e68a00&#8243; allow_player_pause=&#8220;off&#8220; inner_shadow=&#8220;off&#8220; parallax=&#8220;off&#8220; parallax_method=&#8220;on&#8220; custom_padding=&#8220;9px|0px|8px|0px&#8220; make_fullwidth=&#8220;off&#8220; use_custom_width=&#8220;off&#8220; width_unit=&#8220;off&#8220; custom_width_px=&#8220;1080px&#8220; custom_width_percent=&#8220;80%&#8220; make_equal=&#8220;off&#8220; use_custom_gutter=&#8220;off&#8220; fullwidth=&#8220;off&#8220; specialty=&#8220;off&#8220; disabled=&#8220;off&#8220;][et_pb_row make_fullwidth=&#8220;off&#8220; use_custom_width=&#8220;off&#8220; width_unit=&#8220;off&#8220; custom_width_px=&#8220;1080px&#8220; custom_width_percent=&#8220;80%&#8220; use_custom_gutter=&#8220;off&#8220; gutter_width=&#8220;3&#8243; allow_player_pause=&#8220;off&#8220; parallax=&#8220;off&#8220; parallax_method=&#8220;on&#8220; make_equal=&#8220;off&#8220; parallax_1=&#8220;off&#8220; parallax_method_1=&#8220;on&#8220; parallax_2=&#8220;off&#8220; parallax_method_2=&#8220;on&#8220; parallax_3=&#8220;off&#8220; parallax_method_3=&#8220;on&#8220; parallax_4=&#8220;off&#8220; parallax_method_4=&#8220;on&#8220; disabled=&#8220;off&#8220;][et_pb_column type=&#8220;4_4&#8243; disabled=&#8220;off&#8220; parallax=&#8220;off&#8220; parallax_method=&#8220;on&#8220;][et_pb_text background_layout=&#8220;dark&#8220; text_orientation=&#8220;left&#8220; header_font=&#8220;||||&#8220; header_font_size=&#8220;22px&#8220; use_border_color=&#8220;off&#8220; border_style=&#8220;solid&#8220; disabled=&#8220;off&#8220;]<\/p>\n<h1>Der Ofen f\u00fcr die W\u00e4rmebehandlung hat ein max Fassungsverm\u00f6gen von <strong>\u00d81300x2500mm<\/strong> und ein max. Gewicht von <strong>5000Kg<\/strong>.<\/h1>\n<p>[\/et_pb_text][\/et_pb_column][\/et_pb_row][\/et_pb_section][et_pb_section transparent_background=&#8220;off&#8220; background_color=&#8220;#565656&#8243; allow_player_pause=&#8220;off&#8220; inner_shadow=&#8220;off&#8220; parallax=&#8220;off&#8220; parallax_method=&#8220;on&#8220; make_fullwidth=&#8220;off&#8220; use_custom_width=&#8220;off&#8220; width_unit=&#8220;off&#8220; custom_width_px=&#8220;1080px&#8220; custom_width_percent=&#8220;80%&#8220; make_equal=&#8220;off&#8220; use_custom_gutter=&#8220;off&#8220; fullwidth=&#8220;off&#8220; specialty=&#8220;off&#8220; admin_label=&#8220;section&#8220; disabled=&#8220;off&#8220; global_module=&#8220;137&#8243;][et_pb_row make_fullwidth=&#8220;off&#8220; use_custom_width=&#8220;off&#8220; width_unit=&#8220;off&#8220; custom_width_px=&#8220;1080px&#8220; custom_width_percent=&#8220;80%&#8220; use_custom_gutter=&#8220;off&#8220; gutter_width=&#8220;3&#8243; allow_player_pause=&#8220;off&#8220; parallax=&#8220;off&#8220; parallax_method=&#8220;on&#8220; make_equal=&#8220;off&#8220; parallax_1=&#8220;off&#8220; parallax_method_1=&#8220;on&#8220; parallax_2=&#8220;off&#8220; parallax_method_2=&#8220;on&#8220; parallax_3=&#8220;off&#8220; parallax_method_3=&#8220;on&#8220; parallax_4=&#8220;off&#8220; parallax_method_4=&#8220;on&#8220; admin_label=&#8220;row&#8220; disabled=&#8220;off&#8220;][et_pb_column type=&#8220;1_3&#8243; disabled=&#8220;off&#8220; parallax=&#8220;off&#8220; parallax_method=&#8220;on&#8220;][et_pb_image src=&#8220;http:\/\/www.itemat.net\/wp-content\/uploads\/2017\/02\/logo_itemat_footer.png&#8220; show_in_lightbox=&#8220;off&#8220; url_new_window=&#8220;off&#8220; use_overlay=&#8220;off&#8220; sticky=&#8220;off&#8220; align=&#8220;left&#8220; force_fullwidth=&#8220;off&#8220; always_center_on_mobile=&#8220;on&#8220; admin_label=&#8220;Imagen&#8220; use_border_color=&#8220;off&#8220; border_color=&#8220;#ffffff&#8220; border_width=&#8220;1px&#8220; border_style=&#8220;solid&#8220; disabled=&#8220;off&#8220;] [\/et_pb_image][et_pb_text background_layout=&#8220;dark&#8220; text_orientation=&#8220;left&#8220; admin_label=&#8220;Texto&#8220; use_border_color=&#8220;off&#8220; border_style=&#8220;solid&#8220; disabled=&#8220;off&#8220;]<span style=\"font-size: large;\"><strong>F\u00fchrer im Sektor der Metallverarbeitung. <\/strong><\/span><br \/>\nInnovation, Technologie, Bearbeitung und W\u00e4rmebehandlung.[\/et_pb_text][\/et_pb_column][et_pb_column type=&#8220;1_3&#8243; disabled=&#8220;off&#8220; parallax=&#8220;off&#8220; parallax_method=&#8220;on&#8220;][et_pb_blurb title=&#8220;Anfahrt&#8220; url_new_window=&#8220;off&#8220; use_icon=&#8220;on&#8220; font_icon=&#8220;\ue01d&#8220; icon_color=&#8220;#ffffff&#8220; use_circle=&#8220;off&#8220; circle_color=&#8220;#7EBEC5&#8243; use_circle_border=&#8220;off&#8220; circle_border_color=&#8220;#7EBEC5&#8243; icon_placement=&#8220;left&#8220; animation=&#8220;top&#8220; background_layout=&#8220;dark&#8220; text_orientation=&#8220;center&#8220; use_icon_font_size=&#8220;on&#8220; icon_font_size=&#8220;25px&#8220; admin_label=&#8220;Anuncio&#8220; header_font_size=&#8220;14px&#8220; use_border_color=&#8220;off&#8220; border_color=&#8220;#ffffff&#8220; border_width=&#8220;1px&#8220; border_style=&#8220;solid&#8220; disabled=&#8220;off&#8220;]<br \/>\nPol\u00edgono de Olloniego, Parcela A 18 33660 &#8211; Oviedo \u2022 Asturias \u2022 SPAIN<\/p>\n<p>[\/et_pb_blurb][et_pb_blurb title=&#8220;Telefon&#8220; url_new_window=&#8220;off&#8220; use_icon=&#8220;on&#8220; font_icon=&#8220;\ue00b&#8220; icon_color=&#8220;#ffffff&#8220; use_circle=&#8220;off&#8220; circle_color=&#8220;#7EBEC5&#8243; use_circle_border=&#8220;off&#8220; circle_border_color=&#8220;#7EBEC5&#8243; icon_placement=&#8220;left&#8220; animation=&#8220;top&#8220; background_layout=&#8220;dark&#8220; text_orientation=&#8220;center&#8220; use_icon_font_size=&#8220;on&#8220; icon_font_size=&#8220;25px&#8220; admin_label=&#8220;Anuncio&#8220; header_font_size=&#8220;14&#8243; use_border_color=&#8220;off&#8220; border_color=&#8220;#ffffff&#8220; border_width=&#8220;1px&#8220; border_style=&#8220;solid&#8220; disabled=&#8220;off&#8220;]<br \/>\n(+34) 985 45 14 72<\/p>\n<p>[\/et_pb_blurb][et_pb_blurb title=&#8220;Email&#8220; url_new_window=&#8220;off&#8220; use_icon=&#8220;on&#8220; font_icon=&#8220;\ue010&#8220; icon_color=&#8220;#ffffff&#8220; use_circle=&#8220;off&#8220; circle_color=&#8220;#7EBEC5&#8243; use_circle_border=&#8220;off&#8220; circle_border_color=&#8220;#7EBEC5&#8243; icon_placement=&#8220;left&#8220; animation=&#8220;top&#8220; background_layout=&#8220;dark&#8220; text_orientation=&#8220;center&#8220; use_icon_font_size=&#8220;on&#8220; icon_font_size=&#8220;25px&#8220; admin_label=&#8220;Anuncio&#8220; header_font_size=&#8220;14&#8243; use_border_color=&#8220;off&#8220; border_color=&#8220;#ffffff&#8220; border_width=&#8220;1px&#8220; border_style=&#8220;solid&#8220; disabled=&#8220;off&#8220;]<br \/>\n<a href=\"mailto:itemat@itemat.net\">itemat@itemat.net<\/a><\/p>\n<p>[\/et_pb_blurb][\/et_pb_column][et_pb_column type=&#8220;1_3&#8243; disabled=&#8220;off&#8220; parallax=&#8220;off&#8220; parallax_method=&#8220;on&#8220;][et_pb_map address=&#8220;Pol. Ind. Olloniego, 18B, 33537 Oviedo, Asturias, Espa\u00f1a&#8220; zoom_level=&#8220;11&#8243; address_lat=&#8220;43.316932860611&#8243; address_lng=&#8220;-5.8096091850113&#8243; mouse_wheel=&#8220;off&#8220; mobile_dragging=&#8220;off&#8220; use_grayscale_filter=&#8220;off&#8220; grayscale_filter_amount=&#8220;0&#8243; admin_label=&#8220;Mapa&#8220; disabled=&#8220;off&#8220;][et_pb_map_pin title=&#8220;ITEMAT&#8220; pin_address=&#8220;Pol. Ind. Olloniego, 6A, 33669 Oviedo, Asturias, Espa\u00f1a&#8220; pin_address_lat=&#8220;43.316928957621&#8243; pin_address_lng=&#8220;-5.8095448119949&#8243; disabled=&#8220;off&#8220;]<\/p>\n<p>Pol\u00edgono de Olloniego, Parcela A 18<br \/>\n33660 &#8211; Oviedo \u2022 Asturias \u2022 SPAIN<\/p>\n<p>[\/et_pb_map_pin][\/et_pb_map][\/et_pb_column][\/et_pb_row][\/et_pb_section]<\/p>\n","protected":false},"excerpt":{"rendered":"<p>ITEMAT verf\u00fcgt \u00fcber eine H\u00e4rterei im eigenen Haus, wo folgende W\u00e4rmebehandlungen durchgef\u00fchrt werden: Der Ofen f\u00fcr die W\u00e4rmebehandlung hat ein max Fassungsverm\u00f6gen von \u00d81300x2500mm und ein max. Gewicht von 5000Kg. F\u00fchrer im Sektor der Metallverarbeitung. Innovation, Technologie, Bearbeitung und W\u00e4rmebehandlung. Pol\u00edgono de Olloniego, Parcela A 18 33660 &#8211; Oviedo \u2022 Asturias \u2022 SPAIN (+34) 985 [&hellip;]<\/p>\n","protected":false},"author":1,"featured_media":0,"parent":0,"menu_order":4,"comment_status":"closed","ping_status":"closed","template":"","meta":{"_et_pb_use_builder":"on","_et_pb_old_content":"","_et_gb_content_width":"","footnotes":""},"class_list":["post-824","page","type-page","status-publish","hentry"],"_links":{"self":[{"href":"https:\/\/www.itemat.net\/de\/wp-json\/wp\/v2\/pages\/824","targetHints":{"allow":["GET"]}}],"collection":[{"href":"https:\/\/www.itemat.net\/de\/wp-json\/wp\/v2\/pages"}],"about":[{"href":"https:\/\/www.itemat.net\/de\/wp-json\/wp\/v2\/types\/page"}],"author":[{"embeddable":true,"href":"https:\/\/www.itemat.net\/de\/wp-json\/wp\/v2\/users\/1"}],"replies":[{"embeddable":true,"href":"https:\/\/www.itemat.net\/de\/wp-json\/wp\/v2\/comments?post=824"}],"version-history":[{"count":10,"href":"https:\/\/www.itemat.net\/de\/wp-json\/wp\/v2\/pages\/824\/revisions"}],"predecessor-version":[{"id":834,"href":"https:\/\/www.itemat.net\/de\/wp-json\/wp\/v2\/pages\/824\/revisions\/834"}],"wp:attachment":[{"href":"https:\/\/www.itemat.net\/de\/wp-json\/wp\/v2\/media?parent=824"}],"curies":[{"name":"wp","href":"https:\/\/api.w.org\/{rel}","templated":true}]}}