{"id":1595,"date":"2026-01-21T20:32:30","date_gmt":"2026-01-21T20:32:30","guid":{"rendered":"https:\/\/www.itemat.net\/politique-de-confidentialite\/"},"modified":"2026-01-21T20:32:34","modified_gmt":"2026-01-21T20:32:34","slug":"politique-de-confidentialite","status":"publish","type":"page","link":"https:\/\/www.itemat.net\/fr\/politique-de-confidentialite\/","title":{"rendered":"Politique de confidentialit\u00e9"},"content":{"rendered":"<p>[et_pb_section transparent_background=\u00a0\u00bboff\u00a0\u00bb background_color=\u00a0\u00bb#e2e2e2&Prime; allow_player_pause=\u00a0\u00bboff\u00a0\u00bb inner_shadow=\u00a0\u00bboff\u00a0\u00bb parallax=\u00a0\u00bboff\u00a0\u00bb parallax_method=\u00a0\u00bbon\u00a0\u00bb custom_padding=\u00a0\u00bb0px|0px|0px|0px\u00a0\u00bb make_fullwidth=\u00a0\u00bboff\u00a0\u00bb use_custom_width=\u00a0\u00bboff\u00a0\u00bb width_unit=\u00a0\u00bboff\u00a0\u00bb custom_width_px=\u00a0\u00bb1080px\u00a0\u00bb custom_width_percent=\u00a0\u00bb80%\u00a0\u00bb make_equal=\u00a0\u00bboff\u00a0\u00bb use_custom_gutter=\u00a0\u00bboff\u00a0\u00bb fullwidth=\u00a0\u00bboff\u00a0\u00bb specialty=\u00a0\u00bboff\u00a0\u00bb global_module=\u00a0\u00bb138&Prime;][et_pb_row make_fullwidth=\u00a0\u00bboff\u00a0\u00bb use_custom_width=\u00a0\u00bboff\u00a0\u00bb width_unit=\u00a0\u00bboff\u00a0\u00bb custom_width_px=\u00a0\u00bb1080px\u00a0\u00bb custom_width_percent=\u00a0\u00bb80%\u00a0\u00bb use_custom_gutter=\u00a0\u00bboff\u00a0\u00bb gutter_width=\u00a0\u00bb3&Prime; custom_padding=\u00a0\u00bb22.1875px|0px|17px|0px\u00a0\u00bb allow_player_pause=\u00a0\u00bboff\u00a0\u00bb parallax=\u00a0\u00bboff\u00a0\u00bb parallax_method=\u00a0\u00bbon\u00a0\u00bb make_equal=\u00a0\u00bboff\u00a0\u00bb parallax_1=\u00a0\u00bboff\u00a0\u00bb parallax_method_1=\u00a0\u00bbon\u00a0\u00bb parallax_2=\u00a0\u00bboff\u00a0\u00bb parallax_method_2=\u00a0\u00bbon\u00a0\u00bb parallax_3=\u00a0\u00bboff\u00a0\u00bb parallax_method_3=\u00a0\u00bbon\u00a0\u00bb parallax_4=\u00a0\u00bboff\u00a0\u00bb parallax_method_4=\u00a0\u00bbon\u00a0\u00bb][et_pb_column type=\u00a0\u00bb4_4&Prime; parallax=\u00a0\u00bboff\u00a0\u00bb parallax_method=\u00a0\u00bbon\u00a0\u00bb][et_pb_post_title title=\u00a0\u00bbon\u00a0\u00bb meta=\u00a0\u00bboff\u00a0\u00bb author=\u00a0\u00bbon\u00a0\u00bb date=\u00a0\u00bbon\u00a0\u00bb date_format=\u00a0\u00bbM j, Y\u00a0\u00bb categories=\u00a0\u00bbon\u00a0\u00bb comments=\u00a0\u00bbon\u00a0\u00bb featured_image=\u00a0\u00bboff\u00a0\u00bb featured_placement=\u00a0\u00bbbelow\u00a0\u00bb parallax_effect=\u00a0\u00bboff\u00a0\u00bb parallax_method=\u00a0\u00bbon\u00a0\u00bb text_orientation=\u00a0\u00bbleft\u00a0\u00bb text_color=\u00a0\u00bbdark\u00a0\u00bb text_background=\u00a0\u00bboff\u00a0\u00bb text_bg_color=\u00a0\u00bbrgba(140,140,140,0.9)\u00a0\u00bb][\/et_pb_post_title][\/et_pb_column][\/et_pb_row][\/et_pb_section][et_pb_section transparent_background=\u00a0\u00bboff\u00a0\u00bb allow_player_pause=\u00a0\u00bboff\u00a0\u00bb inner_shadow=\u00a0\u00bboff\u00a0\u00bb parallax=\u00a0\u00bboff\u00a0\u00bb parallax_method=\u00a0\u00bbon\u00a0\u00bb make_fullwidth=\u00a0\u00bboff\u00a0\u00bb use_custom_width=\u00a0\u00bboff\u00a0\u00bb width_unit=\u00a0\u00bboff\u00a0\u00bb custom_width_px=\u00a0\u00bb1080px\u00a0\u00bb custom_width_percent=\u00a0\u00bb80%\u00a0\u00bb make_equal=\u00a0\u00bboff\u00a0\u00bb use_custom_gutter=\u00a0\u00bboff\u00a0\u00bb fullwidth=\u00a0\u00bboff\u00a0\u00bb specialty=\u00a0\u00bboff\u00a0\u00bb admin_label=\u00a0\u00bbsection\u00a0\u00bb disabled=\u00a0\u00bboff\u00a0\u00bb][et_pb_row make_fullwidth=\u00a0\u00bboff\u00a0\u00bb use_custom_width=\u00a0\u00bboff\u00a0\u00bb width_unit=\u00a0\u00bboff\u00a0\u00bb custom_width_px=\u00a0\u00bb1080px\u00a0\u00bb custom_width_percent=\u00a0\u00bb80%\u00a0\u00bb use_custom_gutter=\u00a0\u00bboff\u00a0\u00bb gutter_width=\u00a0\u00bb3&Prime; allow_player_pause=\u00a0\u00bboff\u00a0\u00bb parallax=\u00a0\u00bboff\u00a0\u00bb parallax_method=\u00a0\u00bbon\u00a0\u00bb make_equal=\u00a0\u00bboff\u00a0\u00bb parallax_1=\u00a0\u00bboff\u00a0\u00bb parallax_method_1=\u00a0\u00bbon\u00a0\u00bb parallax_2=\u00a0\u00bboff\u00a0\u00bb parallax_method_2=\u00a0\u00bbon\u00a0\u00bb parallax_3=\u00a0\u00bboff\u00a0\u00bb parallax_method_3=\u00a0\u00bbon\u00a0\u00bb parallax_4=\u00a0\u00bboff\u00a0\u00bb parallax_method_4=\u00a0\u00bbon\u00a0\u00bb admin_label=\u00a0\u00bbrow\u00a0\u00bb disabled=\u00a0\u00bboff\u00a0\u00bb][et_pb_column type=\u00a0\u00bb4_4&Prime; disabled=\u00a0\u00bboff\u00a0\u00bb parallax=\u00a0\u00bboff\u00a0\u00bb parallax_method=\u00a0\u00bbon\u00a0\u00bb][et_pb_text background_layout=\u00a0\u00bblight\u00a0\u00bb text_orientation=\u00a0\u00bbleft\u00a0\u00bb admin_label=\u00a0\u00bbTexto\u00a0\u00bb use_border_color=\u00a0\u00bboff\u00a0\u00bb border_style=\u00a0\u00bbsolid\u00a0\u00bb disabled=\u00a0\u00bboff\u00a0\u00bb]<\/p>\n<h1>Politique de confidentialit\u00e9<\/h1>\n<p>Conform\u00e9ment \u00e0 l&rsquo;article 10 de la loi 34\/2002 du 11 juillet relative aux services de la soci\u00e9t\u00e9 de l&rsquo;information et au commerce \u00e9lectronique, les informations d&rsquo;identification de la soci\u00e9t\u00e9 sont indiqu\u00e9es ci-dessous.<\/p>\n<blockquote><p>ITEMAT MECANIZACI\u00d3N SL<br \/>\nB-74169400<br \/>\nPOLIGONO OLLONIEGO PARCELA A-18<br \/>\n33600 OVIEDO (ASTURIAS)<br \/>\nTlf. 985 45 14 72<\/p><\/blockquote>\n<h1>Protection des donn\u00e9es personnelles<\/h1>\n<p>Conform\u00e9ment \u00e0 la l\u00e9gislation en vigueur, et notamment \u00e0 la loi organique 15\/1999 du 13 d\u00e9cembre relative \u00e0 la protection des donn\u00e9es personnelles (LOPD), qui vise \u00e0 garantir et prot\u00e9ger, en mati\u00e8re de traitement des donn\u00e9es personnelles, les droits et libert\u00e9s fondamentaux des personnes physiques, et en particulier leur honneur et leur vie priv\u00e9e, ITEMAT MECANIZACI\u00d3N SL informe les utilisateurs que : ITEMAT MECANIZACI\u00d3N SL a mis en \u0153uvre les mesures techniques et organisationnelles requises par la r\u00e9glementation en vigueur.<\/p>\n<p>Les donn\u00e9es personnelles collect\u00e9es via les formulaires du site internet d&rsquo;ITEMAT MECANIZACI\u00d3N SL sont trait\u00e9es automatiquement. La collecte et le traitement automatis\u00e9 des donn\u00e9es personnelles ont pour finalit\u00e9 la fourniture d&rsquo;informations, le marketing (toujours clairement identifi\u00e9 comme tel) et d&rsquo;autres activit\u00e9s propres \u00e0 l&rsquo;entreprise. ITEMAT MECANIZACI\u00d3N SL a mis en place des mesures de s\u00e9curit\u00e9 appropri\u00e9es pour les donn\u00e9es fournies et a \u00e9galement mis en \u0153uvre tous les moyens techniques disponibles pour pr\u00e9venir la perte, l&rsquo;utilisation abusive, l&rsquo;alt\u00e9ration, l&rsquo;acc\u00e8s non autoris\u00e9 et le vol des donn\u00e9es qui nous sont communiqu\u00e9es. Les utilisateurs peuvent, \u00e0 tout moment, exercer leurs droits d&rsquo;acc\u00e8s, de rectification, d&rsquo;effacement et d&rsquo;opposition, conform\u00e9ment \u00e0 la Loi organique espagnole sur la protection des donn\u00e9es (LOPD). (Loi sur les services de la soci\u00e9t\u00e9 de l&rsquo;information et le commerce \u00e9lectronique)<\/p>\n<p>En application de la l\u00e9gislation en vigueur, la loi 34\/2002 du 11 juillet relative aux services de la soci\u00e9t\u00e9 de l&rsquo;information et au commerce \u00e9lectronique (LSSI), et plus pr\u00e9cis\u00e9ment de son titre III\u00a0: Communications commerciales par voie \u00e9lectronique, articles 21 et 22, ITEMAT MECANIZACI\u00d3N SL informe ses utilisateurs que\u00a0: ITEMAT MECANIZACI\u00d3N SL a mis en place les mesures techniques et organisationnelles requises par la r\u00e9glementation en vigueur, afin de d\u00e9velopper un syst\u00e8me de communications commerciales avec ses utilisateurs. Ce syst\u00e8me ne sera activ\u00e9 que sur leur demande expresse, et les utilisateurs pourront r\u00e9voquer ces autorisations \u00e0 tout moment. Loi sur les services de la soci\u00e9t\u00e9 de l&rsquo;information et le commerce \u00e9lectronique Conform\u00e9ment \u00e0 la l\u00e9gislation en vigueur, la loi 34\/2002 du 11 juillet relative aux services de la soci\u00e9t\u00e9 de l&rsquo;information et au commerce \u00e9lectronique (LSSI), et plus pr\u00e9cis\u00e9ment \u00e0 son titre III\u00a0: Communications commerciales par voie \u00e9lectronique, articles 21 et 22, ITEMAT MECANIZACI\u00d3N SL informe ses utilisateurs que\u00a0: ITEMAT MECANIZACI\u00d3N SL a mis en place les mesures techniques et organisationnelles n\u00e9cessaires, conform\u00e9ment \u00e0 la r\u00e9glementation en vigueur, afin de d\u00e9velopper un syst\u00e8me de communications commerciales avec ses utilisateurs. Ce syst\u00e8me ne sera activ\u00e9 que sur leur demande expresse, et ils pourront r\u00e9voquer ces autorisations \u00e0 tout moment.[\/et_pb_text][\/et_pb_column][\/et_pb_row][\/et_pb_section][et_pb_section transparent_background=\u00a0\u00bboff\u00a0\u00bb background_color=\u00a0\u00bb#565656&Prime; allow_player_pause=\u00a0\u00bboff\u00a0\u00bb inner_shadow=\u00a0\u00bboff\u00a0\u00bb parallax=\u00a0\u00bboff\u00a0\u00bb parallax_method=\u00a0\u00bbon\u00a0\u00bb make_fullwidth=\u00a0\u00bboff\u00a0\u00bb use_custom_width=\u00a0\u00bboff\u00a0\u00bb width_unit=\u00a0\u00bboff\u00a0\u00bb custom_width_px=\u00a0\u00bb1080px\u00a0\u00bb custom_width_percent=\u00a0\u00bb80%\u00a0\u00bb make_equal=\u00a0\u00bboff\u00a0\u00bb use_custom_gutter=\u00a0\u00bboff\u00a0\u00bb fullwidth=\u00a0\u00bboff\u00a0\u00bb specialty=\u00a0\u00bboff\u00a0\u00bb global_module=\u00a0\u00bb137&Prime;][et_pb_row make_fullwidth=\u00a0\u00bboff\u00a0\u00bb use_custom_width=\u00a0\u00bboff\u00a0\u00bb width_unit=\u00a0\u00bboff\u00a0\u00bb custom_width_px=\u00a0\u00bb1080px\u00a0\u00bb custom_width_percent=\u00a0\u00bb80%\u00a0\u00bb use_custom_gutter=\u00a0\u00bboff\u00a0\u00bb gutter_width=\u00a0\u00bb3&Prime; allow_player_pause=\u00a0\u00bboff\u00a0\u00bb parallax=\u00a0\u00bboff\u00a0\u00bb parallax_method=\u00a0\u00bbon\u00a0\u00bb make_equal=\u00a0\u00bboff\u00a0\u00bb parallax_1=\u00a0\u00bboff\u00a0\u00bb parallax_method_1=\u00a0\u00bbon\u00a0\u00bb parallax_2=\u00a0\u00bboff\u00a0\u00bb parallax_method_2=\u00a0\u00bbon\u00a0\u00bb parallax_3=\u00a0\u00bboff\u00a0\u00bb parallax_method_3=\u00a0\u00bbon\u00a0\u00bb parallax_4=\u00a0\u00bboff\u00a0\u00bb parallax_method_4=\u00a0\u00bbon\u00a0\u00bb][et_pb_column type=\u00a0\u00bb1_3&Prime; parallax=\u00a0\u00bboff\u00a0\u00bb parallax_method=\u00a0\u00bbon\u00a0\u00bb][et_pb_image src=\u00a0\u00bbhttp:\/\/www.itemat.net\/wp-content\/uploads\/2017\/02\/logo_itemat_footer.png\u00a0\u00bb show_in_lightbox=\u00a0\u00bboff\u00a0\u00bb url_new_window=\u00a0\u00bboff\u00a0\u00bb use_overlay=\u00a0\u00bboff\u00a0\u00bb animation=\u00a0\u00bbleft\u00a0\u00bb sticky=\u00a0\u00bboff\u00a0\u00bb align=\u00a0\u00bbleft\u00a0\u00bb force_fullwidth=\u00a0\u00bboff\u00a0\u00bb always_center_on_mobile=\u00a0\u00bbon\u00a0\u00bb][\/et_pb_image][\/et_pb_column][et_pb_column type=\u00a0\u00bb1_3&Prime; parallax=\u00a0\u00bboff\u00a0\u00bb parallax_method=\u00a0\u00bbon\u00a0\u00bb][et_pb_text background_layout=\u00a0\u00bblight\u00a0\u00bb text_orientation=\u00a0\u00bbleft\u00a0\u00bb]<\/p>\n<div class=\"promo-text-footer\">Information<\/div>\n<ul class=\"contact-footer\">\n<li><i class=\"icon-location\"><\/i> Pol\u00edgono de Olloniego, Parcela A 18 \u2022 33660 &#8211; Oviedo \u2022 Asturias \u2022 SPAGNE<\/li>\n<li><i class=\"icon-mobile\"><\/i> (+34) 985 45 14 72<\/li>\n<li><i class=\"icon-inbox\"><\/i> (+34) 985 45 64 84<\/li>\n<li>E-mail: <a href=\"mailto:itemat@itemat.net\">itemat@itemat.net<\/a><\/li>\n<\/ul>\n<p>[\/et_pb_text][\/et_pb_column][et_pb_column type=\u00a0\u00bb1_3&Prime; parallax=\u00a0\u00bboff\u00a0\u00bb parallax_method=\u00a0\u00bbon\u00a0\u00bb][\/et_pb_column][\/et_pb_row][\/et_pb_section]<\/p>\n","protected":false},"excerpt":{"rendered":"<p>Politique de confidentialit\u00e9 Conform\u00e9ment \u00e0 l&rsquo;article 10 de la loi 34\/2002 du 11 juillet relative aux services de la soci\u00e9t\u00e9 de l&rsquo;information et au commerce \u00e9lectronique, les informations d&rsquo;identification de la soci\u00e9t\u00e9 sont indiqu\u00e9es ci-dessous. ITEMAT MECANIZACI\u00d3N SL B-74169400 POLIGONO OLLONIEGO PARCELA A-18 33600 OVIEDO (ASTURIAS) Tlf. 985 45 14 72 Protection des donn\u00e9es personnelles [&hellip;]<\/p>\n","protected":false},"author":1,"featured_media":0,"parent":0,"menu_order":10,"comment_status":"closed","ping_status":"closed","template":"","meta":{"_et_pb_use_builder":"on","_et_pb_old_content":"Conform\u00e9ment \u00e0 l'article 10 de la loi 34\/2002 du 11 juillet relative aux services de la soci\u00e9t\u00e9 de l'information et au commerce \u00e9lectronique, les informations d'identification de la soci\u00e9t\u00e9 sont indiqu\u00e9es ci-dessous.\r\n<blockquote>ITEMAT MECANIZACI\u00d3N SL\r\nB-74169400\r\nPOLIGONO OLLONIEGO PARCELA A-18\r\n33600 OVIEDO (ASTURIAS)\r\nTlf. 985 45 14 72<\/blockquote>\r\n<h1>Protection des donn\u00e9es personnelles<\/h1>\r\nConform\u00e9ment \u00e0 la l\u00e9gislation en vigueur, et notamment \u00e0 la loi organique 15\/1999 du 13 d\u00e9cembre relative \u00e0 la protection des donn\u00e9es personnelles (LOPD), qui vise \u00e0 garantir et prot\u00e9ger, en mati\u00e8re de traitement des donn\u00e9es personnelles, les droits et libert\u00e9s fondamentaux des personnes physiques, et en particulier leur honneur et leur vie priv\u00e9e, ITEMAT MECANIZACI\u00d3N SL informe les utilisateurs que : ITEMAT MECANIZACI\u00d3N SL a mis en \u0153uvre les mesures techniques et organisationnelles requises par la r\u00e9glementation en vigueur.\r\n\r\nLes donn\u00e9es personnelles collect\u00e9es via les formulaires du site internet d'ITEMAT MECANIZACI\u00d3N SL sont trait\u00e9es automatiquement. La collecte et le traitement automatis\u00e9 des donn\u00e9es personnelles ont pour finalit\u00e9 la fourniture d'informations, le marketing (toujours clairement identifi\u00e9 comme tel) et d'autres activit\u00e9s propres \u00e0 l'entreprise. ITEMAT MECANIZACI\u00d3N SL a mis en place des mesures de s\u00e9curit\u00e9 appropri\u00e9es pour les donn\u00e9es fournies et a \u00e9galement mis en \u0153uvre tous les moyens techniques disponibles pour pr\u00e9venir la perte, l'utilisation abusive, l'alt\u00e9ration, l'acc\u00e8s non autoris\u00e9 et le vol des donn\u00e9es qui nous sont communiqu\u00e9es. Les utilisateurs peuvent, \u00e0 tout moment, exercer leurs droits d'acc\u00e8s, de rectification, d'effacement et d'opposition, conform\u00e9ment \u00e0 la Loi organique espagnole sur la protection des donn\u00e9es (LOPD). (Loi sur les services de la soci\u00e9t\u00e9 de l'information et le commerce \u00e9lectronique)\r\n\r\nEn application de la l\u00e9gislation en vigueur, la loi 34\/2002 du 11 juillet relative aux services de la soci\u00e9t\u00e9 de l'information et au commerce \u00e9lectronique (LSSI), et plus pr\u00e9cis\u00e9ment de son titre III\u00a0: Communications commerciales par voie \u00e9lectronique, articles 21 et 22, ITEMAT MECANIZACI\u00d3N SL informe ses utilisateurs que\u00a0: ITEMAT MECANIZACI\u00d3N SL a mis en place les mesures techniques et organisationnelles requises par la r\u00e9glementation en vigueur, afin de d\u00e9velopper un syst\u00e8me de communications commerciales avec ses utilisateurs. Ce syst\u00e8me ne sera activ\u00e9 que sur leur demande expresse, et les utilisateurs pourront r\u00e9voquer ces autorisations \u00e0 tout moment. Loi sur les services de la soci\u00e9t\u00e9 de l'information et le commerce \u00e9lectronique Conform\u00e9ment \u00e0 la l\u00e9gislation en vigueur, la loi 34\/2002 du 11 juillet relative aux services de la soci\u00e9t\u00e9 de l'information et au commerce \u00e9lectronique (LSSI), et plus pr\u00e9cis\u00e9ment \u00e0 son titre III\u00a0: Communications commerciales par voie \u00e9lectronique, articles 21 et 22, ITEMAT MECANIZACI\u00d3N SL informe ses utilisateurs que\u00a0: ITEMAT MECANIZACI\u00d3N SL a mis en place les mesures techniques et organisationnelles n\u00e9cessaires, conform\u00e9ment \u00e0 la r\u00e9glementation en vigueur, afin de d\u00e9velopper un syst\u00e8me de communications commerciales avec ses utilisateurs. Ce syst\u00e8me ne sera activ\u00e9 que sur leur demande expresse, et ils pourront r\u00e9voquer ces autorisations \u00e0 tout moment.","_et_gb_content_width":"","footnotes":""},"class_list":["post-1595","page","type-page","status-publish","hentry"],"_links":{"self":[{"href":"https:\/\/www.itemat.net\/fr\/wp-json\/wp\/v2\/pages\/1595","targetHints":{"allow":["GET"]}}],"collection":[{"href":"https:\/\/www.itemat.net\/fr\/wp-json\/wp\/v2\/pages"}],"about":[{"href":"https:\/\/www.itemat.net\/fr\/wp-json\/wp\/v2\/types\/page"}],"author":[{"embeddable":true,"href":"https:\/\/www.itemat.net\/fr\/wp-json\/wp\/v2\/users\/1"}],"replies":[{"embeddable":true,"href":"https:\/\/www.itemat.net\/fr\/wp-json\/wp\/v2\/comments?post=1595"}],"version-history":[{"count":4,"href":"https:\/\/www.itemat.net\/fr\/wp-json\/wp\/v2\/pages\/1595\/revisions"}],"predecessor-version":[{"id":1599,"href":"https:\/\/www.itemat.net\/fr\/wp-json\/wp\/v2\/pages\/1595\/revisions\/1599"}],"wp:attachment":[{"href":"https:\/\/www.itemat.net\/fr\/wp-json\/wp\/v2\/media?parent=1595"}],"curies":[{"name":"wp","href":"https:\/\/api.w.org\/{rel}","templated":true}]}}